{"id":2489,"date":"2022-03-17T16:54:31","date_gmt":"2022-03-17T16:54:31","guid":{"rendered":"https:\/\/www.jeanpierreporcher.com\/?page_id=2489"},"modified":"2025-12-02T16:53:40","modified_gmt":"2025-12-02T16:53:40","slug":"jpporcher","status":"publish","type":"page","link":"https:\/\/www.jeanpierreporcher.com\/fr\/jpporcher\/","title":{"rendered":"JP Porcher"},"content":{"rendered":"<a href=\"https:\/\/youtu.be\/t0Pc_E0es6U?si=qlx9dUf0--PqqGJ8\"><img loading=\"lazy\" decoding=\"async\" class=\"alignnone wp-image-3084 size-full\" src=\"https:\/\/www.jeanpierreporcher.com\/wp-content\/uploads\/2025\/12\/a-fr-e1764694417648.jpg\" alt=\"\" width=\"1194\" height=\"350\" srcset=\"https:\/\/www.jeanpierreporcher.com\/wp-content\/uploads\/2025\/12\/a-fr-e1764694417648.jpg 1194w, https:\/\/www.jeanpierreporcher.com\/wp-content\/uploads\/2025\/12\/a-fr-e1764694417648-300x88.jpg 300w, https:\/\/www.jeanpierreporcher.com\/wp-content\/uploads\/2025\/12\/a-fr-e1764694417648-1024x300.jpg 1024w, https:\/\/www.jeanpierreporcher.com\/wp-content\/uploads\/2025\/12\/a-fr-e1764694417648-768x225.jpg 768w, https:\/\/www.jeanpierreporcher.com\/wp-content\/uploads\/2025\/12\/a-fr-e1764694417648-800x235.jpg 800w, https:\/\/www.jeanpierreporcher.com\/wp-content\/uploads\/2025\/12\/a-fr-e1764694417648-385x113.jpg 385w, https:\/\/www.jeanpierreporcher.com\/wp-content\/uploads\/2025\/12\/a-fr-e1764694417648-400x117.jpg 400w\" sizes=\"auto, (max-width: 1194px) 100vw, 1194px\" \/><\/a><\/p>\n<p>N\u00e9 \u00e0 La Roche Sur Yon (France).<br \/>\nHabite et travaille au Portugal depuis 1986.<\/p>\n<p>Selection d\u2019expositions<\/p>\n<p><strong>Individuelles:<\/strong><br \/>\n2023: Galerie S\u00e3o Mamede, Lisbonne | 2020: Galerie S\u00e3o Mamede, Lisbonne\u00a0| 2019: Galerie Keller, Paris | 2017: Galerie Arq.com, Porto | Galerie S\u00e3o Mamede, Porto | Galerie SBN, Porto | Galerie S\u00e3o Mamede, Lisbonne | 2015: Galerie S\u00e3o Mamede, Porto | 2014: Galerie S\u00e3o Mamede, Lisbonne | 2012: Galerie S\u00e3o Mamede, Lisbonne | 2005: Galerie M\u00e1rio Sequeira, Braga.<\/p>\n<p><strong>Duo expositions:<\/strong><br \/>\n2014: Assembl\u00e9e de la R\u00e9publique, Lisbonne | 2012: Galerie S\u00e3o Mamede, Porto | 1998: Mus\u00e9e des Transports et des Communications, Porto.<\/p>\n<p><strong>Depuis de 2000 \u00e0 participer \u00e0 une cinquantaine d\u2019expositions collectives entre lesquelles:<\/strong><br \/>\n2023: Galerie S\u00e3o Mamede, Lisbonne | 2021: Galerie S\u00e3o Mamede, Lisbonne | 2020: Galerie S\u00e3o Mamede, Lisbonne | 2019: Galerie S\u00e3o Mamede, Lisbonne | 2018: Art 4 Moz, Marina Douro \u2013 Gaia | 2014: Galerie Arte Vale do Lobo, Algarve | Feira de Arte e Antiguidade, Lisbonne |2013: Mosteiro de Tib\u00e3es |Mus\u00e9e Abade de Ba\u00e7al, Bragan\u00e7a | Mus\u00e9e de Lamego |Mus\u00e9e Alberto Sampaio, Guimar\u00e3es | Mus\u00e9e Terra de Miranda | Mus\u00e9e D.Diogo de Sousa, Braga | 2012: Centre Culturel S\u00e3o Louren\u00e7o |Galerie Arte Vale do Lobo, Algarve | 2011: Galerie S\u00e3o Mamede, Lisbonne | 2010: Mus\u00e9e Nogueira da Silva, Braga | 2008: Arte sem limites, Porto Gran Plaza, Porto | 2007: Torre da Cadeia Velha, Ponte de Lima | 2006: Gallerie Serv\u2019Artes, Porto | 2002: Torre de Menagem, Braga. | \u201c7 Artistas Portugueses\u201d, Baiona, Espagne | \u201cArte Douro\u201d, Resende.<\/p>\n<p>Fondateur et directeur de l&rsquo;Atelier <a href=\"http:\/\/www.toposatelier.com\">TOPOS ATELIER de Arquitectura<\/a> depuis 1987.<br \/>\nDispose d&rsquo;un vaste travail r\u00e9alis\u00e9 en urbanisme et en architecture, publi\u00e9, diffus\u00e9 et prim\u00e9 au niveau national et international.<br \/>\nMembre correspondant de la Soci\u00e9t\u00e9 Fran\u00e7aise des Architectes.","protected":false},"excerpt":{"rendered":"<p>N\u00e9 \u00e0 La Roche Sur Yon (France). Habite et travaille au Portugal depuis 1986. Selection d\u2019expositions Individuelles: 2023: Galerie S\u00e3o Mamede, Lisbonne | 2020: Galerie S\u00e3o Mamede, Lisbonne\u00a0| 2019: Galerie Keller, Paris | 2017: Galerie Arq.com, Porto | Galerie S\u00e3o Mamede, Porto | Galerie SBN, Porto | Galerie S\u00e3o Mamede, Lisbonne | 2015: Galerie S\u00e3o..<\/p>\n","protected":false},"author":1,"featured_media":0,"parent":0,"menu_order":0,"comment_status":"closed","ping_status":"closed","template":"","meta":{"footnotes":""},"class_list":["post-2489","page","type-page","status-publish","hentry","no-page-header"],"_links":{"self":[{"href":"https:\/\/www.jeanpierreporcher.com\/fr\/wp-json\/wp\/v2\/pages\/2489","targetHints":{"allow":["GET"]}}],"collection":[{"href":"https:\/\/www.jeanpierreporcher.com\/fr\/wp-json\/wp\/v2\/pages"}],"about":[{"href":"https:\/\/www.jeanpierreporcher.com\/fr\/wp-json\/wp\/v2\/types\/page"}],"author":[{"embeddable":true,"href":"https:\/\/www.jeanpierreporcher.com\/fr\/wp-json\/wp\/v2\/users\/1"}],"replies":[{"embeddable":true,"href":"https:\/\/www.jeanpierreporcher.com\/fr\/wp-json\/wp\/v2\/comments?post=2489"}],"version-history":[{"count":18,"href":"https:\/\/www.jeanpierreporcher.com\/fr\/wp-json\/wp\/v2\/pages\/2489\/revisions"}],"predecessor-version":[{"id":3087,"href":"https:\/\/www.jeanpierreporcher.com\/fr\/wp-json\/wp\/v2\/pages\/2489\/revisions\/3087"}],"wp:attachment":[{"href":"https:\/\/www.jeanpierreporcher.com\/fr\/wp-json\/wp\/v2\/media?parent=2489"}],"curies":[{"name":"wp","href":"https:\/\/api.w.org\/{rel}","templated":true}]}}