{"id":2512,"date":"2022-03-14T15:50:08","date_gmt":"2022-03-14T15:50:08","guid":{"rendered":"https:\/\/www.jeanpierreporcher.com\/?page_id=2512"},"modified":"2024-04-29T14:34:19","modified_gmt":"2024-04-29T14:34:19","slug":"acote","status":"publish","type":"page","link":"https:\/\/www.jeanpierreporcher.com\/en\/acote\/","title":{"rendered":"\u00e0 c\u00f4t\u00e9"},"content":{"rendered":"<a href=\"https:\/\/www.jeanpierreporcher.com\/portfolio\/themawood\/\"><img loading=\"lazy\" decoding=\"async\" class=\"alignnone wp-image-2514 size-full\" src=\"https:\/\/www.jeanpierreporcher.com\/wp-content\/uploads\/2022\/03\/pt-2.jpg\" alt=\"\" width=\"1200\" height=\"350\" srcset=\"https:\/\/www.jeanpierreporcher.com\/wp-content\/uploads\/2022\/03\/pt-2.jpg 1200w, https:\/\/www.jeanpierreporcher.com\/wp-content\/uploads\/2022\/03\/pt-2-300x88.jpg 300w, https:\/\/www.jeanpierreporcher.com\/wp-content\/uploads\/2022\/03\/pt-2-1024x299.jpg 1024w, https:\/\/www.jeanpierreporcher.com\/wp-content\/uploads\/2022\/03\/pt-2-768x224.jpg 768w, https:\/\/www.jeanpierreporcher.com\/wp-content\/uploads\/2022\/03\/pt-2-800x233.jpg 800w, https:\/\/www.jeanpierreporcher.com\/wp-content\/uploads\/2022\/03\/pt-2-385x112.jpg 385w, https:\/\/www.jeanpierreporcher.com\/wp-content\/uploads\/2022\/03\/pt-2-400x117.jpg 400w\" sizes=\"auto, (max-width: 1200px) 100vw, 1200px\" \/><\/a><\/p>\n<p><a href=\"https:\/\/www.jeanpierreporcher.com\/portfolio\/origem\/\"><img loading=\"lazy\" decoding=\"async\" class=\"alignnone wp-image-2520 size-full\" src=\"https:\/\/www.jeanpierreporcher.com\/wp-content\/uploads\/2022\/03\/ex05-1.jpg\" alt=\"\" width=\"1200\" height=\"350\" srcset=\"https:\/\/www.jeanpierreporcher.com\/wp-content\/uploads\/2022\/03\/ex05-1.jpg 1200w, https:\/\/www.jeanpierreporcher.com\/wp-content\/uploads\/2022\/03\/ex05-1-300x88.jpg 300w, https:\/\/www.jeanpierreporcher.com\/wp-content\/uploads\/2022\/03\/ex05-1-1024x299.jpg 1024w, https:\/\/www.jeanpierreporcher.com\/wp-content\/uploads\/2022\/03\/ex05-1-768x224.jpg 768w, https:\/\/www.jeanpierreporcher.com\/wp-content\/uploads\/2022\/03\/ex05-1-800x233.jpg 800w, https:\/\/www.jeanpierreporcher.com\/wp-content\/uploads\/2022\/03\/ex05-1-385x112.jpg 385w, https:\/\/www.jeanpierreporcher.com\/wp-content\/uploads\/2022\/03\/ex05-1-400x117.jpg 400w\" sizes=\"auto, (max-width: 1200px) 100vw, 1200px\" \/><\/a><\/p>\n<p><a href=\"https:\/\/www.jeanpierreporcher.com\/portfolio\/catalogos\/\"><img loading=\"lazy\" decoding=\"async\" class=\"alignnone size-full wp-image-2578\" src=\"https:\/\/www.jeanpierreporcher.com\/wp-content\/uploads\/2022\/03\/ca1.jpg\" alt=\"\" width=\"1200\" height=\"350\" srcset=\"https:\/\/www.jeanpierreporcher.com\/wp-content\/uploads\/2022\/03\/ca1.jpg 1200w, https:\/\/www.jeanpierreporcher.com\/wp-content\/uploads\/2022\/03\/ca1-300x88.jpg 300w, https:\/\/www.jeanpierreporcher.com\/wp-content\/uploads\/2022\/03\/ca1-1024x299.jpg 1024w, https:\/\/www.jeanpierreporcher.com\/wp-content\/uploads\/2022\/03\/ca1-768x224.jpg 768w, https:\/\/www.jeanpierreporcher.com\/wp-content\/uploads\/2022\/03\/ca1-800x233.jpg 800w, https:\/\/www.jeanpierreporcher.com\/wp-content\/uploads\/2022\/03\/ca1-385x112.jpg 385w, https:\/\/www.jeanpierreporcher.com\/wp-content\/uploads\/2022\/03\/ca1-400x117.jpg 400w\" sizes=\"auto, (max-width: 1200px) 100vw, 1200px\" \/><\/a><\/p>\n<p><a href=\"https:\/\/www.jeanpierreporcher.com\/portfolio\/sculptures-2\/\"><img loading=\"lazy\" decoding=\"async\" class=\"alignnone wp-image-2601 size-full\" src=\"https:\/\/www.jeanpierreporcher.com\/wp-content\/uploads\/2022\/03\/es02.jpg\" alt=\"\" width=\"1200\" height=\"350\" srcset=\"https:\/\/www.jeanpierreporcher.com\/wp-content\/uploads\/2022\/03\/es02.jpg 1200w, https:\/\/www.jeanpierreporcher.com\/wp-content\/uploads\/2022\/03\/es02-300x88.jpg 300w, https:\/\/www.jeanpierreporcher.com\/wp-content\/uploads\/2022\/03\/es02-1024x299.jpg 1024w, https:\/\/www.jeanpierreporcher.com\/wp-content\/uploads\/2022\/03\/es02-768x224.jpg 768w, https:\/\/www.jeanpierreporcher.com\/wp-content\/uploads\/2022\/03\/es02-800x233.jpg 800w, https:\/\/www.jeanpierreporcher.com\/wp-content\/uploads\/2022\/03\/es02-385x112.jpg 385w, https:\/\/www.jeanpierreporcher.com\/wp-content\/uploads\/2022\/03\/es02-400x117.jpg 400w\" sizes=\"auto, (max-width: 1200px) 100vw, 1200px\" \/><\/a>","protected":false},"excerpt":{"rendered":"","protected":false},"author":1,"featured_media":0,"parent":0,"menu_order":0,"comment_status":"closed","ping_status":"closed","template":"","meta":{"footnotes":""},"class_list":["post-2512","page","type-page","status-publish","hentry","no-page-header"],"_links":{"self":[{"href":"https:\/\/www.jeanpierreporcher.com\/en\/wp-json\/wp\/v2\/pages\/2512","targetHints":{"allow":["GET"]}}],"collection":[{"href":"https:\/\/www.jeanpierreporcher.com\/en\/wp-json\/wp\/v2\/pages"}],"about":[{"href":"https:\/\/www.jeanpierreporcher.com\/en\/wp-json\/wp\/v2\/types\/page"}],"author":[{"embeddable":true,"href":"https:\/\/www.jeanpierreporcher.com\/en\/wp-json\/wp\/v2\/users\/1"}],"replies":[{"embeddable":true,"href":"https:\/\/www.jeanpierreporcher.com\/en\/wp-json\/wp\/v2\/comments?post=2512"}],"version-history":[{"count":12,"href":"https:\/\/www.jeanpierreporcher.com\/en\/wp-json\/wp\/v2\/pages\/2512\/revisions"}],"predecessor-version":[{"id":3011,"href":"https:\/\/www.jeanpierreporcher.com\/en\/wp-json\/wp\/v2\/pages\/2512\/revisions\/3011"}],"wp:attachment":[{"href":"https:\/\/www.jeanpierreporcher.com\/en\/wp-json\/wp\/v2\/media?parent=2512"}],"curies":[{"name":"wp","href":"https:\/\/api.w.org\/{rel}","templated":true}]}}